{"id":8,"date":"2020-04-08T15:00:36","date_gmt":"2020-04-08T13:00:36","guid":{"rendered":"http:\/\/laviemanifeste.com\/reverberation\/?page_id=8"},"modified":"2021-03-20T08:51:32","modified_gmt":"2021-03-20T07:51:32","slug":"accueil","status":"publish","type":"page","link":"https:\/\/laviemanifeste.com\/reverberation\/","title":{"rendered":"R\u00e9verb\u00e9ration, chaque semaine une s\u00e9lection renouvel\u00e9e de 5 documents sonores."},"content":{"rendered":"\n<p><strong>Nous avons d\u00e9cid\u00e9 d&#8217;une pause dans nos s\u00e9lections hebdomadaire. Le temps de nous augmenter d&#8217;autres complices. Le temps aussi de retourner au chaos sonore<\/strong>.  <\/p>\n\n\n\n<p class=\"has-text-align-right\"><strong>S\u00c9RIE \u2013 Cosmorama 078 \u2013 130 \u2013 348 \u2013 411<br>Jean-Christophe Ozanne<br>radio Rdwa, 2012, 2012, 2018, 2019<\/strong><\/p>\n\n\n\n<p class=\"has-text-align-right has-vivid-red-color has-text-color has-medium-font-size\"><strong>+<\/strong> <\/p>\n\n\n\n<p class=\"has-text-align-right\"><strong>S\u00c9RIE \u2013 Une vie parl\u00e9e : autobiographie parl\u00e9e (21)<br>Fred Deux, 1963 \u2013 1994<br>Cassette 049 C\u00e9cile pense \u00e0 Kibarty<br>Cassette 050 Le r\u00eave de Dolincourt<\/strong><\/p>\n\n\n\n<p class=\"has-text-align-right has-vivid-red-color has-text-color has-medium-font-size\"><strong>+<\/strong><\/p>\n\n\n\n<p class=\"has-text-align-right\"><strong>Un printemps oubli\u00e9<br>Olivier Meys<br>acsr \u2013 RTBF, 2009<\/strong><\/p>\n\n\n\n<p class=\"has-text-align-right has-vivid-red-color has-text-color has-medium-font-size\"><strong>+<\/strong><\/p>\n\n\n\n<p class=\"has-text-align-right\"><strong>K\u00f6chel que j\u2019aime<br>Fran\u00e7ois Dufr\u00eane, 1969<\/strong><\/p>\n\n\n\n<p class=\"has-text-align-right has-vivid-red-color has-text-color has-medium-font-size\">+ <\/p>\n\n\n\n<p class=\"has-text-align-right\"><strong>Le feu !<br>Radio Ad\u2019Hoc, 2021<\/strong><\/p>\n\n\n\n<div style=\"height:52px\" aria-hidden=\"true\" class=\"wp-block-spacer\"><\/div>\n\n\n\n<div style=\"height:46px\" aria-hidden=\"true\" class=\"wp-block-spacer\"><\/div>\n\n\n\n<hr class=\"wp-block-separator\"\/>\n\n\n\n<h2 class=\"widget-title\">Recevoir par mail, chaque mercredi, notre s\u00e9lection<\/h2><div class=\"tnp tnp-widget-minimal\"><form class=\"tnp-form\" action=\"https:\/\/laviemanifeste.com\/reverberation\/?na=s\" method=\"post\" onsubmit=\"return newsletter_check(this)\"><input type=\"hidden\" name=\"nr\" value=\"widget-minimal\"><input class=\"tnp-email\" type=\"email\" required=\"\" name=\"ne\" value=\"\" placeholder=\"Email\"><input class=\"tnp-submit\" type=\"submit\" value=\"S'abonner\"><\/form><\/div>\n","protected":false},"excerpt":{"rendered":"<p>Nous avons d\u00e9cid\u00e9 d&#8217;une pause dans nos s\u00e9lections hebdomadaire. Le temps de nous augmenter d&#8217;autres complices. Le temps aussi de retourner au chaos sonore. S\u00c9RIE \u2013 Cosmorama 078 \u2013 130 \u2013 348 \u2013 411Jean-Christophe Ozanneradio Rdwa, 2012, 2012, 2018, 2019 + S\u00c9RIE \u2013 Une vie parl\u00e9e : autobiographie parl\u00e9e (21)Fred Deux, 1963 \u2013 1994Cassette 049 &hellip; <\/p>\n<p class=\"link-more\"><a href=\"https:\/\/laviemanifeste.com\/reverberation\/\" class=\"more-link\">Continue reading<span class=\"screen-reader-text\"> &#8220;R\u00e9verb\u00e9ration, chaque semaine une s\u00e9lection renouvel\u00e9e de 5 documents sonores.&#8221;<\/span><\/a><\/p>\n","protected":false},"author":1,"featured_media":1321,"parent":0,"menu_order":0,"comment_status":"closed","ping_status":"closed","template":"","meta":{"twitterCardType":"","cardImageID":0,"cardImage":"","cardTitle":"","cardDesc":"","cardImageAlt":"","cardPlayer":"","cardPlayerWidth":0,"cardPlayerHeight":0,"cardPlayerStream":"","cardPlayerCodec":""},"_links":{"self":[{"href":"https:\/\/laviemanifeste.com\/reverberation\/index.php\/wp-json\/wp\/v2\/pages\/8"}],"collection":[{"href":"https:\/\/laviemanifeste.com\/reverberation\/index.php\/wp-json\/wp\/v2\/pages"}],"about":[{"href":"https:\/\/laviemanifeste.com\/reverberation\/index.php\/wp-json\/wp\/v2\/types\/page"}],"author":[{"embeddable":true,"href":"https:\/\/laviemanifeste.com\/reverberation\/index.php\/wp-json\/wp\/v2\/users\/1"}],"replies":[{"embeddable":true,"href":"https:\/\/laviemanifeste.com\/reverberation\/index.php\/wp-json\/wp\/v2\/comments?post=8"}],"version-history":[{"count":130,"href":"https:\/\/laviemanifeste.com\/reverberation\/index.php\/wp-json\/wp\/v2\/pages\/8\/revisions"}],"predecessor-version":[{"id":1327,"href":"https:\/\/laviemanifeste.com\/reverberation\/index.php\/wp-json\/wp\/v2\/pages\/8\/revisions\/1327"}],"wp:featuredmedia":[{"embeddable":true,"href":"https:\/\/laviemanifeste.com\/reverberation\/index.php\/wp-json\/wp\/v2\/media\/1321"}],"wp:attachment":[{"href":"https:\/\/laviemanifeste.com\/reverberation\/index.php\/wp-json\/wp\/v2\/media?parent=8"}],"curies":[{"name":"wp","href":"https:\/\/api.w.org\/{rel}","templated":true}]}}